{"id":374,"date":"2021-06-09T18:23:16","date_gmt":"2021-06-09T18:23:16","guid":{"rendered":"https:\/\/themebing.com\/wp\/prolancer\/?page_id=374"},"modified":"2022-06-29T20:29:10","modified_gmt":"2022-06-30T02:29:10","slug":"faq","status":"publish","type":"page","link":"https:\/\/minitrabajossv.com\/?page_id=374","title":{"rendered":"FAQ"},"content":{"rendered":"\t\t<div data-elementor-type=\"wp-page\" data-elementor-id=\"374\" class=\"elementor elementor-374\">\n\t\t\t\t\t\t<section class=\"elementor-section elementor-top-section elementor-element elementor-element-d439005 elementor-section-boxed elementor-section-height-default elementor-section-height-default\" data-id=\"d439005\" data-element_type=\"section\">\n\t\t\t\t\t\t<div class=\"elementor-container elementor-column-gap-default\">\n\t\t\t\t\t<div class=\"elementor-column elementor-col-50 elementor-top-column elementor-element elementor-element-0b6a7a7\" data-id=\"0b6a7a7\" data-element_type=\"column\">\n\t\t\t<div class=\"elementor-widget-wrap elementor-element-populated\">\n\t\t\t\t\t\t<div class=\"elementor-element elementor-element-b130c8d elementor-widget elementor-widget-accordion\" data-id=\"b130c8d\" data-element_type=\"widget\" data-widget_type=\"accordion.default\">\n\t\t\t\t<div class=\"elementor-widget-container\">\n\t\t\t<style>.elementor-accordion{text-align:start}.elementor-accordion .elementor-accordion-item{border:1px solid #d5d8dc}.elementor-accordion .elementor-accordion-item+.elementor-accordion-item{border-top:none}.elementor-accordion .elementor-tab-title{margin:0;padding:15px 20px;font-weight:700;line-height:1;cursor:pointer;outline:none}.elementor-accordion .elementor-tab-title .elementor-accordion-icon{display:inline-block;width:1.5em}.elementor-accordion .elementor-tab-title .elementor-accordion-icon svg{width:1em;height:1em}.elementor-accordion .elementor-tab-title .elementor-accordion-icon.elementor-accordion-icon-right{float:right;text-align:right}.elementor-accordion .elementor-tab-title .elementor-accordion-icon.elementor-accordion-icon-left{float:left;text-align:left}.elementor-accordion .elementor-tab-title .elementor-accordion-icon .elementor-accordion-icon-closed{display:block}.elementor-accordion .elementor-tab-title .elementor-accordion-icon .elementor-accordion-icon-opened,.elementor-accordion .elementor-tab-title.elementor-active .elementor-accordion-icon-closed{display:none}.elementor-accordion .elementor-tab-title.elementor-active .elementor-accordion-icon-opened{display:block}.elementor-accordion .elementor-tab-content{display:none;padding:15px 20px;border-top:1px solid #d5d8dc}@media (max-width:768px){.elementor-accordion .elementor-tab-title{padding:12px 15px}.elementor-accordion .elementor-tab-title .elementor-accordion-icon{width:1.2em}.elementor-accordion .elementor-tab-content{padding:7px 15px}}.e-con-inner>.elementor-widget-accordion,.e-con>.elementor-widget-accordion{width:var(--container-widget-width);--flex-grow:var(--container-widget-flex-grow)}<\/style>      <div id=\"accordion2766238140\" class=\"prolancer-accordion style-1\">\r\n                  <div class=\"prolancer-accordion-item\">\r\n            <h5 data-bs-toggle=\"collapse\" data-bs-target=\"#collapse-02766238140\" aria-expanded=\"false\" aria-controls=\"collapse-02766238140\">\r\n                Como funciona MinitrabajosSV?                <span class=\"fa fa-plus\"><\/span>\r\n                <span class=\"fa fa-minus\"><\/span>\r\n            <\/h5>\r\n\r\n            <div id=\"collapse-02766238140\" class=\"collapse\" data-bs-parent=\"#accordion2766238140\">\r\n              Es simple :), luego de crear una cuenta y verificar tu DUI, puedes empezar a publicar Servicios de acuerdo a tu talento o Contratar Servicios de otros Salvadore\u00f1os en la plataforma.            <\/div>\r\n          <\/div>\r\n                    <div class=\"prolancer-accordion-item\">\r\n            <h5 data-bs-toggle=\"collapse\" data-bs-target=\"#collapse-12766238140\" aria-expanded=\"false\" aria-controls=\"collapse-12766238140\">\r\n                Como recibo calificaciones?                <span class=\"fa fa-plus\"><\/span>\r\n                <span class=\"fa fa-minus\"><\/span>\r\n            <\/h5>\r\n\r\n            <div id=\"collapse-12766238140\" class=\"collapse\" data-bs-parent=\"#accordion2766238140\">\r\n              Al terminar un Servicio, la persona que te contrat\u00f3, tendr\u00e1 la opci\u00f3n de calificarte y agregar un comentario sobre tu Servicio.            <\/div>\r\n          <\/div>\r\n                    <div class=\"prolancer-accordion-item\">\r\n            <h5 data-bs-toggle=\"collapse\" data-bs-target=\"#collapse-22766238140\" aria-expanded=\"false\" aria-controls=\"collapse-22766238140\">\r\n                Como recibo mis pagos?                <span class=\"fa fa-plus\"><\/span>\r\n                <span class=\"fa fa-minus\"><\/span>\r\n            <\/h5>\r\n\r\n            <div id=\"collapse-22766238140\" class=\"collapse\" data-bs-parent=\"#accordion2766238140\">\r\n              Una vez hayas completado Servicios dentro de la plataforma, en tu Tablero has <a href=\"https:\/\/minitrabajossv.com\/?page_id=133&amp;fed=payouts\">click en Pagos<\/a>, donde podr\u00e1s agregar la informaci\u00f3n del banco donde quieres recibir el pago, luego debes indicar cuanto dinero quieres retirar y haces click en Solicitud de Retiro. Toma en cuenta que toma hasta 24 horas para que sea efectivo.            <\/div>\r\n          <\/div>\r\n                <\/div>    \r\n\r\n      \t\t<\/div>\n\t\t\t\t<\/div>\n\t\t\t\t\t<\/div>\n\t\t<\/div>\n\t\t\t\t<div class=\"elementor-column elementor-col-50 elementor-top-column elementor-element elementor-element-af25d68\" data-id=\"af25d68\" data-element_type=\"column\">\n\t\t\t<div class=\"elementor-widget-wrap elementor-element-populated\">\n\t\t\t\t\t\t<div class=\"elementor-element elementor-element-4beae3f elementor-widget elementor-widget-accordion\" data-id=\"4beae3f\" data-element_type=\"widget\" data-widget_type=\"accordion.default\">\n\t\t\t\t<div class=\"elementor-widget-container\">\n\t\t\t      <div id=\"accordion1799138331\" class=\"prolancer-accordion style-1\">\r\n                  <div class=\"prolancer-accordion-item\">\r\n            <h5 data-bs-toggle=\"collapse\" data-bs-target=\"#collapse-01799138331\" aria-expanded=\"false\" aria-controls=\"collapse-01799138331\">\r\n                C\u00f3mo agrego saldo a mi Cartera?                <span class=\"fa fa-plus\"><\/span>\r\n                <span class=\"fa fa-minus\"><\/span>\r\n            <\/h5>\r\n\r\n            <div id=\"collapse-01799138331\" class=\"collapse\" data-bs-parent=\"#accordion1799138331\">\r\n              Para agregar saldo, ve a tu Tablero, has click en el bot\u00f3n de <a href=\"https:\/\/minitrabajossv.com\/?page_id=133&amp;fed=wallet\">Cartera<\/a> e ingresa la cantidad deseada. Has click en el bot\u00f3n Dep\u00f3sito y seras redirigido para completar el pago usando la plataforma de Wompi usando tu tarjeta de cr\u00e9dito o d\u00e9bito. Una vez completado el pago, el saldo aparecer\u00e1 autom\u00e1ticamente en tu Cartera.            <\/div>\r\n          <\/div>\r\n                    <div class=\"prolancer-accordion-item\">\r\n            <h5 data-bs-toggle=\"collapse\" data-bs-target=\"#collapse-11799138331\" aria-expanded=\"false\" aria-controls=\"collapse-11799138331\">\r\n                What about loan programs &amp; after bank loan advantage?                <span class=\"fa fa-plus\"><\/span>\r\n                <span class=\"fa fa-minus\"><\/span>\r\n            <\/h5>\r\n\r\n            <div id=\"collapse-11799138331\" class=\"collapse\" data-bs-parent=\"#accordion1799138331\">\r\n              Lorem ipsum dolor sit amet, vix an natum labitur eleifd, mel am laoreet menandri. Ei justo complectitur duo. Ei mundi solet utos soletu possit quo. Sea cu justo laudem.            <\/div>\r\n          <\/div>\r\n                    <div class=\"prolancer-accordion-item\">\r\n            <h5 data-bs-toggle=\"collapse\" data-bs-target=\"#collapse-21799138331\" aria-expanded=\"false\" aria-controls=\"collapse-21799138331\">\r\n                How can i opent new account?                <span class=\"fa fa-plus\"><\/span>\r\n                <span class=\"fa fa-minus\"><\/span>\r\n            <\/h5>\r\n\r\n            <div id=\"collapse-21799138331\" class=\"collapse\" data-bs-parent=\"#accordion1799138331\">\r\n              Lorem ipsum dolor sit amet, vix an natum labitur eleifd, mel am laoreet menandri. Ei justo complectitur duo. Ei mundi solet utos soletu possit quo. Sea cu justo laudem.            <\/div>\r\n          <\/div>\r\n                <\/div>    \r\n\r\n      \t\t<\/div>\n\t\t\t\t<\/div>\n\t\t\t\t\t<\/div>\n\t\t<\/div>\n\t\t\t\t\t<\/div>\n\t\t<\/section>\n\t\t\t\t<\/div>\n\t\t","protected":false},"excerpt":{"rendered":"<p>Como funciona MinitrabajosSV? Es simple :), luego de crear una cuenta y verificar tu DUI, puedes empezar a publicar Servicios de acuerdo a tu talento o Contratar Servicios de otros Salvadore\u00f1os en la plataforma. Como recibo calificaciones? Al terminar un Servicio, la persona que te contrat\u00f3, tendr\u00e1 la opci\u00f3n de calificarte y agregar un comentario [&hellip;]<\/p>\n","protected":false},"author":1,"featured_media":0,"parent":0,"menu_order":0,"comment_status":"closed","ping_status":"closed","template":"custom-page.php","meta":{"om_disable_all_campaigns":false,"_monsterinsights_skip_tracking":false,"_monsterinsights_sitenote_active":false,"_monsterinsights_sitenote_note":"","_monsterinsights_sitenote_category":0},"aioseo_notices":[],"_links":{"self":[{"href":"https:\/\/minitrabajossv.com\/index.php?rest_route=\/wp\/v2\/pages\/374"}],"collection":[{"href":"https:\/\/minitrabajossv.com\/index.php?rest_route=\/wp\/v2\/pages"}],"about":[{"href":"https:\/\/minitrabajossv.com\/index.php?rest_route=\/wp\/v2\/types\/page"}],"author":[{"embeddable":true,"href":"https:\/\/minitrabajossv.com\/index.php?rest_route=\/wp\/v2\/users\/1"}],"replies":[{"embeddable":true,"href":"https:\/\/minitrabajossv.com\/index.php?rest_route=%2Fwp%2Fv2%2Fcomments&post=374"}],"version-history":[{"count":7,"href":"https:\/\/minitrabajossv.com\/index.php?rest_route=\/wp\/v2\/pages\/374\/revisions"}],"predecessor-version":[{"id":3936,"href":"https:\/\/minitrabajossv.com\/index.php?rest_route=\/wp\/v2\/pages\/374\/revisions\/3936"}],"wp:attachment":[{"href":"https:\/\/minitrabajossv.com\/index.php?rest_route=%2Fwp%2Fv2%2Fmedia&parent=374"}],"curies":[{"name":"wp","href":"https:\/\/api.w.org\/{rel}","templated":true}]}}